{"id":893,"date":"2016-03-15T13:41:43","date_gmt":"2016-03-15T11:41:43","guid":{"rendered":"http:\/\/telecomconstructhd.ro\/ro\/?page_id=893"},"modified":"2020-03-23T19:26:08","modified_gmt":"2020-03-23T17:26:08","slug":"oferta-scolara-anul-urmator","status":"publish","type":"page","link":"https:\/\/telecomconstructhd.ro\/ro\/?page_id=893","title":{"rendered":"Ofert\u0103 educa\u021bional\u0103 2016 &#8211; 2017"},"content":{"rendered":"<p style=\"text-align: center;\"><strong>OFERTA DE \u015eCOLARIZARE<\/strong><\/p>\n<p style=\"text-align: center;\"><em><strong>ANUL \u015eCOLAR 2016-2017<\/strong><\/em><\/p>\n<h1 style=\"text-align: center;\">1.\u00a0\u00a0\u00a0\u00a0 \u00a0\u00a0\u00ceNV\u0102\u0162\u0102M\u00c2NT\u00a0 CURS DE ZI- LICEU<\/h1>\n<table class=\" aligncenter\" width=\"655\">\n<tbody>\n<tr>\n<td width=\"97\"><strong>Forma de \u00eenv\u0103\u0163\u0103m\u00e2nt<\/strong><\/td>\n<td width=\"47\"><strong>Nr.<\/strong><\/p>\n<p><strong>clase<\/strong><\/td>\n<td width=\"139\"><strong>Profil<\/strong><\/td>\n<td width=\"121\"><strong>Domeniul de baz\u0103<\/strong><\/td>\n<td width=\"57\"><strong>nr. elevi<\/strong><\/td>\n<td width=\"194\"><strong>Finalitate<\/strong><\/td>\n<\/tr>\n<tr>\n<td width=\"97\">Clasa a-IX-a liceu<\/td>\n<td width=\"47\">1<\/td>\n<td width=\"139\">Tehnic<\/td>\n<td width=\"121\">Electronic\u0103\u00a0 automatiz\u0103ri<\/td>\n<td width=\"57\">28<\/td>\n<td width=\"194\">Tehnician de telecomunica\u0163ii<\/td>\n<\/tr>\n<tr>\n<td width=\"97\">Clasa a-IX-a<\/p>\n<p>liceu<\/td>\n<td width=\"47\">1<\/td>\n<td width=\"139\">Resurse naturale \u015fi protec\u0163ia mediului<\/td>\n<td width=\"121\">Protec\u0163ia mediului<\/td>\n<td width=\"57\">28<\/td>\n<td width=\"194\">Tehnician ecolog \u015fi protec\u0163ia calit\u0103\u0163ii mediului<\/td>\n<\/tr>\n<\/tbody>\n<\/table>\n<h1 style=\"text-align: center;\">2.\u00a0\u00a0\u00a0\u00a0 \u00ceNV\u0102\u0162\u0102M\u00c2NT\u00a0 PROFESIONAL<\/h1>\n<table class=\" aligncenter\" width=\"655\">\n<tbody>\n<tr>\n<td width=\"97\"><strong>Forma de \u00eenv\u0103\u0163\u0103m\u00e2nt<\/strong><\/td>\n<td width=\"51\"><strong>Nr.<\/strong><\/p>\n<p><strong>clase<\/strong><\/td>\n<td width=\"75\"><strong>Profil<\/strong><\/td>\n<td width=\"154\"><strong>Domeniul de baz\u0103<\/strong><\/td>\n<td width=\"54\"><strong>Nr. elevi<\/strong><\/td>\n<td width=\"224\"><strong>Finalitate<\/strong><\/td>\n<\/tr>\n<tr>\n<td width=\"97\">Clasa a-IX-a<\/td>\n<td width=\"51\">0,5<\/td>\n<td width=\"75\">Tehnic<\/td>\n<td width=\"154\">Electromecanic<\/td>\n<td width=\"54\">14<\/td>\n<td width=\"224\">Electromecanic ma\u015fini \u015fi instala\u0163ii industriale<\/td>\n<\/tr>\n<tr>\n<td width=\"97\">Clasa a IX-a<\/td>\n<td width=\"51\">0,5<\/td>\n<td width=\"75\">Tehnic<\/td>\n<td width=\"154\">Mecanic\u0103<\/td>\n<td width=\"54\">14<\/td>\n<td width=\"224\">Sudor<\/td>\n<\/tr>\n<tr>\n<td width=\"97\">Clasa a IX-a<\/td>\n<td width=\"51\">0,5<\/td>\n<td width=\"75\">Tehnic<\/td>\n<td width=\"154\">Construc\u0163ii, instala\u0163ii \u015fi lucr\u0103ri publice<\/td>\n<td width=\"54\">14<\/td>\n<td width=\"224\">Zugrav, Ipsosar, Vopsitor, Tapetar<\/td>\n<\/tr>\n<tr>\n<td width=\"97\">Clasa a IX-a<\/td>\n<td width=\"51\">0,5<\/td>\n<td width=\"75\">Tehnic<\/td>\n<td width=\"154\">Estetica \u015fi igiena corpului omenesc<\/td>\n<td width=\"54\">14<\/td>\n<td width=\"224\">Frizer, coafor, manichiurist, pedichiurist<\/td>\n<\/tr>\n<\/tbody>\n<\/table>\n<h1 style=\"text-align: center;\">3.\u00a0\u00a0\u00a0\u00a0 \u00ceNV\u0102\u0162\u0102M\u00c2NT SERAL \u015eI FRECVEN\u0162\u0102 REDUS\u0102<\/h1>\n<table class=\" aligncenter\" width=\"659\">\n<tbody>\n<tr>\n<td width=\"195\"><strong>Forma de inv\u0103\u0163\u0103m\u00e2nt<\/strong><\/td>\n<td width=\"76\"><strong>Nr. Clase<\/strong><\/td>\n<td width=\"96\"><strong>Profil<\/strong><\/td>\n<td width=\"292\"><strong>Condi\u0163ii de admitere<\/strong><\/td>\n<\/tr>\n<tr>\n<td width=\"195\">Clasa a-XI-a seral ciclul superior al liceului prin rut\u0103 progresiv\u0103<\/td>\n<td width=\"76\">1<\/td>\n<td width=\"96\">Tehnic<\/td>\n<td width=\"292\">Absolven\u0163i din seriile anterioare ai \u015fcolilor profesionale sau ai anului de completare\u00a0 cu examen de absolvire.<\/td>\n<\/tr>\n<tr>\n<td width=\"195\">Clasa a IX-a F.r.<\/td>\n<td width=\"76\">1<\/td>\n<td width=\"96\">Teoretic<\/td>\n<td width=\"292\">Absolven\u0163i a 8 clase\u00a0 din seriile anterioare care au v\u00e2rsta peste 18 ani<\/td>\n<\/tr>\n<\/tbody>\n<\/table>\n<h1 style=\"text-align: center;\">4.\u00a0\u00a0\u00a0\u00a0 \u00a0\u00ceNV\u0102\u0162\u0102M\u00c2NT POSTLICEAL \u015eI DE MAI\u015eTRI<\/h1>\n<table class=\" aligncenter\" width=\"659\">\n<tbody>\n<tr>\n<td width=\"111\"><strong>Forma de \u00eenv\u0103\u0163\u0103m\u00e2nt<\/strong><\/td>\n<td width=\"76\"><strong>Nr. clase<\/strong><\/td>\n<td width=\"227\"><strong>Specializare<\/strong><\/td>\n<td width=\"246\"><strong>Condi\u0163ii de admitere<\/strong><\/td>\n<\/tr>\n<tr>\n<td width=\"111\">\u015ecoal\u0103 postliceal\u0103<\/td>\n<td width=\"76\">1<\/td>\n<td width=\"227\">Tehnician infrastructur\u0103 re\u0163ele de telecomunica\u0163ii<\/td>\n<td width=\"246\">Absolven\u0163i de liceu cu sau f\u0103r\u0103 diplom\u0103 de bacalaureat<\/td>\n<\/tr>\n<tr>\n<td width=\"111\">\u015ecoal\u0103 postliceal\u0103<\/td>\n<td width=\"76\">1<\/td>\n<td width=\"227\">Tehnician laborant pentru protec\u0163ia calit\u0103\u0163ii mediului<\/td>\n<td width=\"246\">Absolven\u0163i de liceu cu sau f\u0103r\u0103 diplom\u0103 de bacalaureat<\/td>\n<\/tr>\n<tr>\n<td width=\"111\">\u015ecoal\u0103 de mai\u015ftri<\/td>\n<td width=\"76\">1<\/td>\n<td width=\"227\">Maistru\u00a0 instalator pentru construc\u0163ii<\/td>\n<td width=\"246\">Absolven\u0163i de liceu cu sau f\u0103r\u0103 diplom\u0103 de bacalaureat<\/td>\n<\/tr>\n<tr>\n<td width=\"111\">\u015ecoala de mai\u015ftri<\/td>\n<td width=\"76\">1<\/td>\n<td width=\"227\">Maistru la construc\u0163ii c\u0103i ferate, drumuri \u015fi poduri<\/td>\n<td width=\"246\">Absolven\u0163i de liceu cu sau f\u0103r\u0103 diplom\u0103 de bacalaureat<\/td>\n<\/tr>\n<\/tbody>\n<\/table>\n<p style=\"text-align: center;\">Director,<\/p>\n<p style=\"text-align: center;\">Ing. Ardelean Daniel Cosmin<\/p>\n<div class='avc_visit_counter_front_simple' style=\" width: 100%; max-width: 300px; border: 2px solid #000000; color:#000000; background-color:#ffffff; border-radius: 0px; margin: 0px auto; padding: 5px\">  Vizitatori: 1  Vizitatori: 363510<\/div><div class=\"gsp_post_data\" \r\n\t            data-post_type=\"page\" \r\n\t            data-cat=\"\" \r\n\t            data-modified=\"120\"\r\n\t            data-created=\"1458049303\"\r\n\t            data-title=\"Ofert\u0103 educa\u021bional\u0103 2016 &#8211; 2017\" \r\n\t            data-home=\"https:\/\/telecomconstructhd.ro\/ro\"><\/div>","protected":false},"excerpt":{"rendered":"<p>OFERTA DE \u015eCOLARIZARE ANUL \u015eCOLAR 2016-2017 1.\u00a0\u00a0\u00a0\u00a0 \u00a0\u00a0\u00ceNV\u0102\u0162\u0102M\u00c2NT\u00a0 CURS DE ZI- LICEU Forma de \u00eenv\u0103\u0163\u0103m\u00e2nt Nr. clase Profil Domeniul de baz\u0103 nr. elevi Finalitate Clasa a-IX-a<span class=\"excerpt-hellip\"> [\u2026]<\/span><\/p>\n","protected":false},"author":1,"featured_media":0,"parent":37,"menu_order":6,"comment_status":"closed","ping_status":"closed","template":"","meta":{"footnotes":""},"class_list":["post-893","page","type-page","status-publish","hentry"],"_links":{"self":[{"href":"https:\/\/telecomconstructhd.ro\/ro\/index.php?rest_route=\/wp\/v2\/pages\/893","targetHints":{"allow":["GET"]}}],"collection":[{"href":"https:\/\/telecomconstructhd.ro\/ro\/index.php?rest_route=\/wp\/v2\/pages"}],"about":[{"href":"https:\/\/telecomconstructhd.ro\/ro\/index.php?rest_route=\/wp\/v2\/types\/page"}],"author":[{"embeddable":true,"href":"https:\/\/telecomconstructhd.ro\/ro\/index.php?rest_route=\/wp\/v2\/users\/1"}],"replies":[{"embeddable":true,"href":"https:\/\/telecomconstructhd.ro\/ro\/index.php?rest_route=%2Fwp%2Fv2%2Fcomments&post=893"}],"version-history":[{"count":4,"href":"https:\/\/telecomconstructhd.ro\/ro\/index.php?rest_route=\/wp\/v2\/pages\/893\/revisions"}],"predecessor-version":[{"id":1028,"href":"https:\/\/telecomconstructhd.ro\/ro\/index.php?rest_route=\/wp\/v2\/pages\/893\/revisions\/1028"}],"up":[{"embeddable":true,"href":"https:\/\/telecomconstructhd.ro\/ro\/index.php?rest_route=\/wp\/v2\/pages\/37"}],"wp:attachment":[{"href":"https:\/\/telecomconstructhd.ro\/ro\/index.php?rest_route=%2Fwp%2Fv2%2Fmedia&parent=893"}],"curies":[{"name":"wp","href":"https:\/\/api.w.org\/{rel}","templated":true}]}}