{"id":30,"date":"2010-04-28T12:58:37","date_gmt":"2010-04-28T09:58:37","guid":{"rendered":"http:\/\/telecomconstructhd.ro\/ro\/?page_id=30"},"modified":"2016-05-06T09:58:55","modified_gmt":"2016-05-06T06:58:55","slug":"reputa%c8%9bie","status":"publish","type":"page","link":"https:\/\/telecomconstructhd.ro\/ro\/?page_id=30","title":{"rendered":"Scurt Istoric"},"content":{"rendered":"<p style=\"text-align: justify;\"><b>La 1 septembrie<\/b> <b>1977<\/b>, sub patronajul I.C.S.H.-ului (\u00centreprinderea de Construc\u0163ii Siderurgice Hunedoara), ia fiin\u0163\u0103 cel de-al patrulea liceu din ora\u015f, sub denumirea de <b>Liceul Industrial nr. 3.<\/b> Ora\u015ful, era \u00eentr-o perioad\u0103 \u00eenfloritoare, num\u0103rul angaja\u0163ilor la Combinatul Siderurgic Hunedoara era \u00een cre\u015ftere, popula\u0163ia ora\u015fului era de asemenea \u00een continu\u0103 cre\u015ftere \u015fi era necesar\u0103 preg\u0103tirea for\u0163ei de munc\u0103 pentru executarea lucr\u0103rilor de repara\u0163ii \u015fi construc\u0163ii \u00een domeniul metalurgic, aferente acestui combinat. De aceea , \u00eenv\u0103\u0163\u0103m\u00e2ntul era organizat pe 3 niveluri: \u00a0zi, seral \u015fi profesional, cu durata 4 \u015fi respectiv 5 ani. Admiterea se face prin concurs, liceul se \u00eencheie cu examen de bacalaureat, se include \u015fi o lucrare practic\u0103 \u00een domeniu. For\u0163a de munc\u0103 era absorbit\u0103 \u00een propor\u0163ie de 80% de industria metalurgic\u0103 reprezentat\u0103 de actuala S.C.MITAL STEEL S.A., iar 20% de antreprizele de construc\u0163ii civile din ora\u015f. Sub aceast\u0103 denumire func\u0163ioneaz\u0103 ca institu\u0163ie de \u00eenv\u0103\u0163\u0103m\u00e2nt \u00een perioada 1977-1991.<\/p>\n<p style=\"text-align: justify;\">\n<p style=\"text-align: justify;\"><b>\u00cen perioada 1991 \u2013 2001<\/b>, se \u00eenlocuie\u015fte denumirea, cu <b>Grup \u015ecolar de<\/b> <b>Construc\u0163ii Metalurgice. <\/b>Este perioada, mai ales\u00a0 a 2\u00a0\u2013a jum\u0103tate, \u00een care siderurgia intr\u0103 \u00eentr-un declin puternic ( au loc disponibiliz\u0103ri masive), ceea ce determin\u0103 reorientarea liceului spre alte domenii. Astfel, \u00een septembrie 2001, la solicitarea unit\u0103\u0163ii, MEC aprob\u0103 schimbarea denumirii \u00een <b>Grup \u015ecolar de Telecomunica\u0163ii \u015fi Lucr\u0103ri Publice , <\/b>av\u00e2nd \u00een vedere coroborarea intereselor economice \u015fi sociale ale zonei , cu nevoile de calificare ale for\u0163ei de munc\u0103 \u015fi cu op\u0163iunile<b> <\/b>\u015fi aptitudinile elevilor.Motivarea schimb\u0103rii denumirii are la baz\u0103 perspectiva integr\u0103rii Rom\u00e2niei \u00een Uniunea European\u0103, care presupune printre altele \u015fi punerea la punct a infrastructurii rom\u00e2ne\u015fti.<\/p>\n<p style=\"text-align: justify;\">La data de <strong>1 septembrie 2012<\/strong> denumirea unit\u0103\u0163ii noastre \u015fcolare\u00a0devine <strong>Liceul Tehnologic Hunedoara<\/strong>.<\/p>\n<p style=\"text-align: justify;\">De la data de <strong>1 septembrie 2013<\/strong> denumirea unit\u0103\u021bii noastre \u0219colare este <strong>Liceul Tehnologic &#8222;Constantin Bursan&#8221; Hunedoara<\/strong><\/p>\n<div class='avc_visit_counter_front_simple' style=\" width: 100%; max-width: 300px; border: 2px solid #000000; color:#000000; background-color:#ffffff; border-radius: 0px; margin: 0px auto; padding: 5px\">  Vizitatori: 2  Vizitatori: 363251<\/div><div class=\"gsp_post_data\" \r\n\t            data-post_type=\"page\" \r\n\t            data-cat=\"acasa\" \r\n\t            data-modified=\"120\"\r\n\t            data-created=\"1272459517\"\r\n\t            data-title=\"Scurt Istoric\" \r\n\t            data-home=\"https:\/\/telecomconstructhd.ro\/ro\"><\/div>","protected":false},"excerpt":{"rendered":"<p>La 1 septembrie 1977, sub patronajul I.C.S.H.-ului (\u00centreprinderea de Construc\u0163ii Siderurgice Hunedoara), ia fiin\u0163\u0103 cel de-al patrulea liceu din ora\u015f, sub denumirea de Liceul Industrial nr.<span class=\"excerpt-hellip\"> [\u2026]<\/span><\/p>\n","protected":false},"author":1,"featured_media":0,"parent":12,"menu_order":0,"comment_status":"closed","ping_status":"closed","template":"","meta":{"footnotes":""},"class_list":["post-30","page","type-page","status-publish","hentry"],"_links":{"self":[{"href":"https:\/\/telecomconstructhd.ro\/ro\/index.php?rest_route=\/wp\/v2\/pages\/30","targetHints":{"allow":["GET"]}}],"collection":[{"href":"https:\/\/telecomconstructhd.ro\/ro\/index.php?rest_route=\/wp\/v2\/pages"}],"about":[{"href":"https:\/\/telecomconstructhd.ro\/ro\/index.php?rest_route=\/wp\/v2\/types\/page"}],"author":[{"embeddable":true,"href":"https:\/\/telecomconstructhd.ro\/ro\/index.php?rest_route=\/wp\/v2\/users\/1"}],"replies":[{"embeddable":true,"href":"https:\/\/telecomconstructhd.ro\/ro\/index.php?rest_route=%2Fwp%2Fv2%2Fcomments&post=30"}],"version-history":[{"count":16,"href":"https:\/\/telecomconstructhd.ro\/ro\/index.php?rest_route=\/wp\/v2\/pages\/30\/revisions"}],"predecessor-version":[{"id":974,"href":"https:\/\/telecomconstructhd.ro\/ro\/index.php?rest_route=\/wp\/v2\/pages\/30\/revisions\/974"}],"up":[{"embeddable":true,"href":"https:\/\/telecomconstructhd.ro\/ro\/index.php?rest_route=\/wp\/v2\/pages\/12"}],"wp:attachment":[{"href":"https:\/\/telecomconstructhd.ro\/ro\/index.php?rest_route=%2Fwp%2Fv2%2Fmedia&parent=30"}],"curies":[{"name":"wp","href":"https:\/\/api.w.org\/{rel}","templated":true}]}}