{"id":21,"date":"2010-04-28T12:06:19","date_gmt":"2010-04-28T09:06:19","guid":{"rendered":"http:\/\/telecomconstructhd.ro\/ro\/?page_id=21"},"modified":"2016-05-09T08:41:34","modified_gmt":"2016-05-09T05:41:34","slug":"dotari","status":"publish","type":"page","link":"https:\/\/telecomconstructhd.ro\/ro\/?page_id=21","title":{"rendered":"Baza material\u0103 a \u0219colii"},"content":{"rendered":"<p style=\"text-align: center;\"><div id=\"_cp_widget_69f633cb35f85\"><img decoding=\"async\" alt=\"Powered by Cincopa WordPress plugin\" src=\"http:\/\/www.cincopa.com\/wpplugin\/runtime\/loading.gif\" style=\"border:0;\"\/>\r\n<\/div>\r\n<!-- Powered by Cincopa WordPress plugin wp1.57: http:\/\/www.cincopa.com\/wpplugin\/wordpress-plugin.aspx -->\r\n<script type=\"text\/javascript\">document.getElementById(\"_cp_widget_69f633cb35f85\").innerHTML='<img decoding=\"async\" src=\"http:\/\/www.cincopa.com\/wpplugin\/runtime\/loading.gif\" \/>';<\/script>\r\n<script src=\"http:\/\/www.cincopa.com\/wpplugin\/runtime\/libasync.js\" type=\"text\/javascript\"><\/script>\r\n<script type=\"text\/javascript\">\r\ncp_load_widget(\"%5Bcincopa+10600317%5D\", \"_cp_widget_69f633cb35f85\");\r\n<\/script>\r\n<\/p>\n<ul>\n<li><strong>15 S\u0102LI DE CLAS\u0102<\/strong>\u2013 toate av\u00e2nd mobilier modular<\/li>\n<li><strong>6\u00a0LABORATOARE<\/strong>: Fizic\u0103, Biologie, Chimie, Informatic\u0103 1 \u015fi Informatic\u0103 2, Electronic\u0103 \u015fi telecomunica\u0163ii<\/li>\n<\/ul>\n<p style=\"text-align: justify;\"><strong>Laboratorul de fizic\u0103<\/strong>\u00a0este dotat cu mijloace de \u00eenv\u0103\u0163\u0103m\u00e2nt corespunz\u0103toare pentru a asigura elevilor o preg\u0103tire temeinic\u0103.\u00a0Acesta con\u0163ine truse de fizic\u0103 destinate elevilor de la toate nivelurile de studiu, care permit efectuarea unei game largi de experimente corespunz\u0103toare con\u0163inutului programelor \u015fcolare. De asemenea, reg\u0103sim diferite aparate, dispozitive, subansambluri care ofer\u0103 posibilitatea realiz\u0103rii unui num\u0103r considerabil de montaje experimentale. Este dotat cu un calculator \u015fi videoproiector prin intermediul c\u0103rora sunt prezentate elevilor lec\u0163ii moderne. Mobilierul este adecvat desf\u0103\u015fur\u0103rii activit\u0103\u0163\u0103lor prin crearea unui climat armonios.<\/p>\n<p style=\"text-align: justify;\"><strong>Laboratorul de biologie<\/strong>\u00a0este echipat modern, at\u00e2t \u00een ceea ce prive\u015fte mobilierul c\u00e2t \u015fi materialul didactic. Dintre resursele materiale existente pot fi amintite urm\u0103toarele: microscoape \u00eenso\u0163ite de truse de lucru; preparate microscopice fixe; truse de disec\u0163ie; truse de fiziologia plantelor \u015fi de determinare a presiunii osmotice; mulaje (vegetale, animale, corpul omenesc); plan\u015fe pentru anatomia omului; calculator \u015fi videoproiector.<\/p>\n<div style=\"text-align: justify;\"><b>Laboratorul de chimie<\/b> este dotat cu o gam\u0103 larg\u0103 de modele moleculare,substan\u0163e \u015fi ustensile, pH-metre digitale, indicatori, truse si kit-uri, necesare desf\u0103\u0219ur\u0103rii experimentelor demonstrative sau individuale, \u00een cadrul orelor de chimie. Totodat\u0103, laboratorul este\u00a0 utilizat \u0219i pentru efectuarea analizelor de ap\u0103 \u0219i sol, aferente \u00a0modulelor de specialitate, de la protec\u021bia mediului. Prin intermediul software-lui educa\u021bional existent \u00een laborator, no\u021biunile teoretice sunt \u00een\u021belese mai u\u0219or, iar \u00eenv\u0103\u021barea interactiv\u0103 a chimiei devine o pl\u0103cere.<\/div>\n<p style=\"text-align: justify;\"><strong>Laboratoarele de informatic\u0103<\/strong>\u00a0sunt dotate cu mobilier modular nou. Pentru o bun\u0103 desf\u0103\u015furare a activit\u0103\u0163ilor, reg\u0103sim un num\u0103r de 30+5\u00a0calculatoare de ultim\u0103 genera\u0163ie, server, videoproiector \u015fi ecran de proiec\u0163ie, aparat multifunc\u0163ional (imprimant\u0103, xerox, scaner). Cele dou\u0103 cabinete informatic\u0103\u00a0pot fi utilizate la toate disciplinele av\u00e2nd implementat programul AEL, program ce con\u0163ine materiale didactice interactive pentru toate domeniile.<\/p>\n<p style=\"text-align: justify;\"><strong>Laboratorul de Electronic\u0103 <\/strong><strong>\u0219<\/strong><strong>i telecomunica<\/strong><strong>\u021b<\/strong><strong>ii<\/strong><em>\u00a0<\/em>sus\u021bine cu exemple practice no\u021biunile teoretice studiate \u00een domeniul electronicii. El vine s\u0103 completeze preg\u0103tirea practic\u0103 realizat\u0103 \u00een atelierele \u0219colii. \u00cen laborator elevii pot s\u0103 vad\u0103 \u0219i s\u0103 recunoasc\u0103 diferite tipuri de componente electronice pasive \u0219i active, diverse tipuri de circuite integrate precum \u0219i elemente de conectic\u0103, conductoare \u0219i materiale auxiliare. Laboratorul este dotat cu surse de tensiune, aparate de m\u0103sur\u0103 analogice \u0219i digitale, testere pentru cabluri, osciloscoape. Deasemenea exist\u0103 6 posturi de lucru dotate cu uneltele necesare pentru realizarea unor circuite electronice. Fiecare post este dotat cu calculator conectat la internet cu ajutorul c\u0103ruia elevii pot avea acces la informa\u021bii sau pot utiliza simulatoare de circuite electronice. Orice elev pasionat de electronic\u0103 poate s\u0103 experimenteze construc\u021bia, verificarea, func\u021bionarea \u0219i repararea circuitelor electronice \u0219i de telecomunica\u021bii. Liceul nostru manifest\u0103 o permanent\u0103 preocupare pentru \u00eembog\u0103\u021birea bazei materiale a laboratorului, dotarea cu aparatur\u0103 modern\u0103 \u0219i asigurarea unui nivel ridicat de preg\u0103tire teoretic\u0103 \u0219i practic\u0103 a elevilor.<\/p>\n<ul>\n<li><strong>2\u00a0CABINETE<\/strong>: Consiliere discipline tehnice, Limbi\u00a0moderne<\/li>\n<\/ul>\n<ul>\n<li><strong>SAL\u0102 FESTIV\u0102<\/strong>\u00a0&#8211;\u00a0\u00een care\u00a0au loc activit\u0103\u0163ile CCE, consiliile profesorale, activit\u0103\u0163i de diseminare a proiectelor,etc<\/li>\n<li><strong>SAL\u0102 DE SPORT<\/strong>\u00a0:\u00a0adecvat\u0103 at\u00e2t orelor de educa\u0163ie fizic\u0103, c\u00e2t \u015fi activit\u0103\u0163ilor de fitness. Diversitatea aparatelor existente: band\u0103 de alergat, steper (2), biciclete eliptice, banc\u0103 abdomen (2), aparat multifunc\u0163ional (2), haltere (2), gantere (3 seturi) permite o dezvoltare armonioas\u0103 a corpului.<\/li>\n<li><strong>\u00a05 ATELIERE \u015eCOLARE: <\/strong>Construc\u021bii,\u00a0Electromecanic\u0103, Mecanic\u0103, Sudur\u0103, T\u00e2mpl\u0103rie<\/li>\n<\/ul>\n<p style=\"text-align: justify;\"><strong>Atelierul de construc\u021bii<\/strong> func\u021bioneaz\u0103 \u00eentr-un spa\u021biu cu suprafa\u021ba de aproximativ 70 mp, situat la etajul 1 \u00een corpul Atelier \u0218coal\u0103.<br \/>\nAtelierul este unul modern,\u00a0 renovat cu mijloace proprii \u0219i cu aportul elevilor \u0219colii profesionale de finisori \u00een construc\u021bii.<br \/>\nAici se desf\u0103\u0219oar\u0103 ore de laborator tehnologic \u0219i de instruire practic\u0103, pentru calific\u0103ri at\u00e2t din domeniul construc\u021bii \u0219i lucr\u0103ri publice c\u00e2t \u0219i transporturi,astfel: finisor \u00een construc\u021bii; desenator pentru construc\u021bii \u0219i instala\u021bii; maistru instalator \u00een construc\u021bii; maistru la construc\u021bii de c\u0103i ferate drumuri \u0219i poduri.<br \/>\n\u00cen atelier exist\u0103 resurse materiale care sprijin\u0103 procesul de \u00eenv\u0103\u0163are: plan\u0219e, manuale \u0219i auxiliare curriculare necesare orelor de laborator tehnologic \u0219i cu material didactic specific orelor de instruire practic\u0103.<br \/>\nPanopliile existente reprezint\u0103 rezultatul probelor practice sus\u021binute de c\u0103tre cursan\u021bii \u0219colilor de mai\u0219tri la finalizarea studiilor.<br \/>\nSDV-urile folosite la instruirea practic\u0103 acoper\u0103 necesarul \u00een meseriile de finisor \u00een construc\u021bii, maistru instalator \u00een construc\u021bii\u00a0 \u0219i maistru la construc\u021bii de c\u0103i ferate drumuri \u0219i poduri.<\/p>\n<p style=\"text-align: justify;\"><strong>Atelierul de electromecanic\u0103<\/strong> , a fost dotat \u00een anul \u0219colar 2015 &#8211; 2016, ca urmare a parteneriatului cu compania SC \u00a0DAR DRAXLMAIER\u00a0 AUTOMOTIVE SRL, cu urm\u0103toarele componente:<\/p>\n<ul style=\"text-align: justify;\">\n<li>6 bancuri noi cu menghin\u0103 de 140 mm \u0219i 3 sertare fiecare<\/li>\n<li>Ma\u0219in\u0103 de g\u0103urit cu coloan\u0103 \u0219i tura\u021bie reglabil\u0103<\/li>\n<li>1 compresor de aer<\/li>\n<li>6 truse electric\u0103<\/li>\n<li>6 truse mecanic\u0103<\/li>\n<li>4 module Festo, pentru pneumatic\u0103<\/li>\n<li>4 module pentru electric\u0103<\/li>\n<\/ul>\n<p style=\"text-align: justify;\">De asemenea atelierul este prev\u0103zut cu internet, laptop \u0219i videoproiector. Opera\u021biile \u0219i lucr\u0103rile practice pe care elevii le pot efectua \u00a0\u00een acest atelier sunt:<\/p>\n<ul style=\"text-align: justify;\">\n<li>M\u0103sur\u0103ri cu \u0219ublerul, micrometrul \u0219i comparatorul<\/li>\n<li>M\u0103sur\u0103ri electrice cu multimetre digitale \u0219i analogice<\/li>\n<li>Scheme electrice de ac\u021bionare, de for\u021b\u0103 \u0219i pentru instala\u021bii de lumin\u0103<\/li>\n<li>Ac\u021bion\u0103ri pneumatice<\/li>\n<li>Ac\u021bion\u0103ri electropneumatice, etc<\/li>\n<\/ul>\n<p style=\"text-align: justify;\"><strong>Atelierul Mecanic<\/strong> este utilizat pentru instruirea elevilor \u00een scopul \u00a0dob\u00e2ndirii abilit\u0103\u021bilor practice, \u00een meseriile de l\u0103c\u0103tu\u0219, l\u0103c\u0103tu\u0219 mecanic sau l\u0103c\u0103tu\u0219 montator \u00een confec\u021bii metalice. Atelierul este renovat \u00een \u00eentregime, \u00eencep\u00e2nd cu instala\u021bia electric\u0103. Acesta este dotat cu bancuri de lucru, strung SNB, strung mecanic\u0103 fin\u0103, freze universale, ma\u0219in\u0103 de g\u0103urit, mas\u0103 de sudur\u0103, aparat de sudur\u0103.<br \/>\nActivitatea de instruire practic\u0103 se execut\u0103 la standarde performante, elevii dob\u00e2ndind la sf\u00e2r\u0219itul anilor de studiu, abilit\u0103\u021bi practice care le vor permite \u00eencadrarea pe pia\u021ba muncii.<\/p>\n<p style=\"text-align: justify;\">\u00cen cadrul proiectului de granturi pentru dezvoltare \u015fcolar\u0103 s-a reamenajat un\u00a0<strong>atelier de sudur\u0103<\/strong>\u00a0\u015fi s-au achizi\u0163ionat o serie de aparate destinate efectu\u0103rii orelor de instruire practic\u0103 ( invertor de sudur\u0103, aparat sudur\u0103 cu gaz protector MIG-MAG, aparat de sudur\u0103 prin puncte, aparat de debitat cu plasm\u0103, ma\u015fin\u0103 de debitat cu disc abraziv, polizoare speciale pentru execu\u0163ii te\u015fituri, ma\u015fin\u0103 de g\u0103urit banc, diverse scule \u015fi SDV necesare procesului tehnologic de sudare, echipamente de protec\u0163ie a muncii necesare elevilor care execut\u0103 opera\u0163ii de sudare, instala\u0163ie de ventila\u0163ie pentru eliminarea noxelor de la procesul de sudare).<\/p>\n<ul>\n<li><strong>BIBLIOTEC\u0102<\/strong>cu\u00a014.556 volume, dintre care: \u00a0170\u00a0c\u0103r\u021bi de specialitate, 14383\u00a0volume beletristic\u0103, 941 manuale \u0219colare.<\/li>\n<\/ul>\n<div class='avc_visit_counter_front_simple' style=\" width: 100%; max-width: 300px; border: 2px solid #000000; color:#000000; background-color:#ffffff; border-radius: 0px; margin: 0px auto; padding: 5px\">  Vizitatori: 0  Vizitatori: 363514<\/div><div class=\"gsp_post_data\" \r\n\t            data-post_type=\"page\" \r\n\t            data-cat=\"acasa\" \r\n\t            data-modified=\"120\"\r\n\t            data-created=\"1272456379\"\r\n\t            data-title=\"Baza material\u0103 a \u0219colii\" \r\n\t            data-home=\"https:\/\/telecomconstructhd.ro\/ro\"><\/div>","protected":false},"excerpt":{"rendered":"<p>15 S\u0102LI DE CLAS\u0102\u2013 toate av\u00e2nd mobilier modular 6\u00a0LABORATOARE: Fizic\u0103, Biologie, Chimie, Informatic\u0103 1 \u015fi Informatic\u0103 2, Electronic\u0103 \u015fi telecomunica\u0163ii Laboratorul de fizic\u0103\u00a0este dotat cu mijloace<span class=\"excerpt-hellip\"> [\u2026]<\/span><\/p>\n","protected":false},"author":1,"featured_media":0,"parent":12,"menu_order":3,"comment_status":"closed","ping_status":"closed","template":"","meta":{"footnotes":""},"class_list":["post-21","page","type-page","status-publish","hentry"],"_links":{"self":[{"href":"https:\/\/telecomconstructhd.ro\/ro\/index.php?rest_route=\/wp\/v2\/pages\/21","targetHints":{"allow":["GET"]}}],"collection":[{"href":"https:\/\/telecomconstructhd.ro\/ro\/index.php?rest_route=\/wp\/v2\/pages"}],"about":[{"href":"https:\/\/telecomconstructhd.ro\/ro\/index.php?rest_route=\/wp\/v2\/types\/page"}],"author":[{"embeddable":true,"href":"https:\/\/telecomconstructhd.ro\/ro\/index.php?rest_route=\/wp\/v2\/users\/1"}],"replies":[{"embeddable":true,"href":"https:\/\/telecomconstructhd.ro\/ro\/index.php?rest_route=%2Fwp%2Fv2%2Fcomments&post=21"}],"version-history":[{"count":56,"href":"https:\/\/telecomconstructhd.ro\/ro\/index.php?rest_route=\/wp\/v2\/pages\/21\/revisions"}],"predecessor-version":[{"id":978,"href":"https:\/\/telecomconstructhd.ro\/ro\/index.php?rest_route=\/wp\/v2\/pages\/21\/revisions\/978"}],"up":[{"embeddable":true,"href":"https:\/\/telecomconstructhd.ro\/ro\/index.php?rest_route=\/wp\/v2\/pages\/12"}],"wp:attachment":[{"href":"https:\/\/telecomconstructhd.ro\/ro\/index.php?rest_route=%2Fwp%2Fv2%2Fmedia&parent=21"}],"curies":[{"name":"wp","href":"https:\/\/api.w.org\/{rel}","templated":true}]}}