{"id":2045,"date":"2023-04-04T08:35:36","date_gmt":"2023-04-04T05:35:36","guid":{"rendered":"https:\/\/telecomconstructhd.ro\/ro\/?page_id=2045"},"modified":"2023-04-27T15:06:20","modified_gmt":"2023-04-27T12:06:20","slug":"sudor","status":"publish","type":"page","link":"https:\/\/telecomconstructhd.ro\/ro\/?page_id=2045","title":{"rendered":"Sudor &#8211; Dual"},"content":{"rendered":"\n<p><strong>Profil\u00a0 sudor<\/strong><\/p>\n\n\n\n<figure class=\"wp-block-embed aligncenter is-type-video is-provider-youtube wp-block-embed-youtube wp-embed-aspect-16-9 wp-has-aspect-ratio\"><div class=\"wp-block-embed__wrapper\">\n<iframe loading=\"lazy\" title=\"Profil Sudor Recomsid\" width=\"1220\" height=\"686\" src=\"https:\/\/www.youtube.com\/embed\/I3D1K7fR6xs?feature=oembed\" frameborder=\"0\" allow=\"accelerometer; autoplay; clipboard-write; encrypted-media; gyroscope; picture-in-picture; web-share\" allowfullscreen><\/iframe>\n<\/div><\/figure>\n\n\n\n<p>Meseria de sudor este una dintre cele mai complexe meserii existente pe pia\u021ba muncii. Centrele univesitare politehnice au facult\u0103\u021bi de tehnologia sudurii, foarte c\u0103utate de doritori. \u0218i pentru c\u0103 este at\u00e2t de complex\u0103, este \u0219i foarte bine pl\u0103tit\u0103. &nbsp; \u00cen Italia, un sudor c\u00e2\u0219tig\u0103 1800 de euro. \u00cen Germania, de la 2000 \u00een sus. Pentru \u021b\u0103rile scandinave, pragul minim este de 2500 de euro&#8230;La liceul nostru, elevii \u00eenva\u021b\u0103 aceast\u0103 meserie la parteneri economici, companii transna\u021bionale, lideri \u00een domeniul lor. Diplomele noastre sunt recunoscute \u00een \u00eentreaga Uniune European\u0103.<\/p>\n\n\n\n<p>Firma ASSA-ABLOY este o firm\u0103 suedez\u0103, lider mondial \u00een construc\u021bia rampelor de andocare \u0219i a u\u0219ilor care se deschid automat, de la marile magazine \u0219i mall-uri. Elevii no\u0219tri, actuali \u0219i viitori fac practic\u0103 la parteneri folosind echipamente de ultim\u0103 genera\u021bie (aparate de sudur\u0103 MIG-MAG, nu \u00eenvechita sudur\u0103 cu electrozi), robo\u021bi industriali, \u0219i sisteme de t\u0103iere cu plasm\u0103. \u0218i pentru c\u0103 toate acestea trebuiau s\u0103 poarte un nume, se numesc \u201dsudor preg\u0103tit de Liceul Tehnologic Constantin Bursan Hunedoara\u201d.<\/p>\n\n\n\n<p>Iar acum c\u00e2teva detalii tehnice. Pentru c\u0103 \u00een via\u021b\u0103, detaliile fac diferen\u021ba. \u00cen ciuda aparen\u021belor, meseria de sudor este \u0219i pentru b\u0103ie\u021bi \u0219i pentru fete. 40% dintre sudorii dintr-o firm\u0103 sunt femei. \u0218i de multe ori femeile sunt cele mai bune sudori\u021be. Este nevoie doar de seriozitate.&nbsp;<\/p>\n\n\n\n<p>La acela\u0219i parteneri economici preg\u0103tim elevi \u0219i pentru meseria de operator pe ma\u0219ini cu comand\u0103 numeric\u0103 (CNC). Nici mai nici mai pu\u021bin de englezismul CNC operator. O meserie care \u0219i \u00een Occident este considerat\u0103 una de \u00eenalt\u0103 calificare. \u00cen care stai \u00een fa\u021ba unui panou de control \u0219i \u00ee\u00ee spui ma\u0219inii ce s\u0103 fac\u0103. Sau robotului. Restul e t\u0103cere\u2026<\/p>\n\n\n\n<p>E\u0219ti pasionat de sudur\u0103 sau pur \u0219i simplu \u00ee\u021bi place s\u0103 repari diverse lucruri prin gospod\u0103rie? \u00ce\u021bi place s\u0103 me\u0219tere\u0219ti \u0219i vrei s\u0103 afli cum se sudeaz\u0103 pentru a confec\u021biona obiecte sau chiar pentru a transforma hobby-ul in meserie? Abilitatea de a suda<\/p>\n\n\n\n<p>devine atunci oportunitate. \u00cembin\u0103 utiul cu pl\u0103cutul. \u0218i pasiunea cu c\u00e2\u0219tigul de bani. Cu o minim\u0103 inveti\u021bie \u00een echipamente de sudare, \u00ee\u021bi vei fi util \u0219i \u021bie \u0219i celor din jur.<\/p>\n\n\n\n<p>Sudorul este unul dintre cei mai pricepu\u021bi \u0219i mai importan\u021bi meseria\u0219i din construc\u021bii \u0219i din mediul industrial \u0219i practic\u0103 o meserie c\u0103utat\u0103 \u0219i bine remunerat\u0103. Pentru a ob\u021bine calificarea de sudor, trebuie s\u0103 parcurgi \u0219coala profesional\u0103 &#8211; \u00eenv\u0103\u021b\u0103m\u00e2nt dual \u0219i ai avantajul de a face practic\u0103 la ASSA-ABLOY, firm\u0103 care se implic\u0103 \u00een tot ce \u00eenseamn\u0103 preg\u0103tirea unui viitor sudor. \u00cen plus, vei primi \u0219i o burs\u0103 lunar\u0103, iar la finalul celor 3 ani te po\u021bi angaja la aceast\u0103 firm\u0103.<\/p>\n\n\n\n<p>Elevii de la aceast\u0103 specializare particip\u0103 la concursuri pe meserii: Erasmus \u201dMeseria este br\u0103\u021bar\u0103 de aur\u201d, precum \u0219i la promovarea \u00eenv\u0103\u021b\u0103m\u00e2ntului dual, prin participarea la \u201dMar\u0219ul meseriilor\u201d. Destina\u021bia final\u0103 a acestui mar\u0219 a fost Castelui Corvinilor, unde s-a scos \u00een eviden\u021b\u0103 importan\u021ba \u00eenv\u0103\u021b\u0103m\u00e2ntului tehnologic pentru dezvoltarea zonei \u0219i s-au discutat metode eficiente de a sincroniza nevoile angajatorilor cu oferta educa\u021bional\u0103 din \u0219colile cu profil tehnic.<\/p>\n\n\n\n<p>Pe l\u00e2ng\u0103 activit\u0103\u021bile cu profil tehnic, elevii sunt implica\u021bi \u0219i \u00een activit\u0103\u021bi extracurriculare: grupul de colind\u0103tori coordonat de dna prof. Avram Alexandra a \u00eenc\u00e2ntat profesorii, elevii \u0219i p\u0103rin\u021bii cu un program artistic de colinde sus\u021binut \u00een cancelarie \u0219i \u00een fa\u021ba Casei de Cultur\u0103 din Hunedoara.<\/p>\n\n\n\n<figure class=\"wp-block-gallery has-nested-images columns-default is-cropped wp-block-gallery-1 is-layout-flex wp-block-gallery-is-layout-flex\">\n<figure class=\"wp-block-image size-large\"><a href=\"https:\/\/telecomconstructhd.ro\/ro\/wp-content\/uploads\/2023\/04\/WhatsApp-Image-2023-04-03-at-10.39.48-1.jpeg\"><img loading=\"lazy\" decoding=\"async\" width=\"765\" height=\"1024\" data-id=\"2104\" src=\"https:\/\/telecomconstructhd.ro\/ro\/wp-content\/uploads\/2023\/04\/WhatsApp-Image-2023-04-03-at-10.39.48-1-765x1024.jpeg\" alt=\"\" class=\"wp-image-2104\" srcset=\"https:\/\/telecomconstructhd.ro\/ro\/wp-content\/uploads\/2023\/04\/WhatsApp-Image-2023-04-03-at-10.39.48-1-765x1024.jpeg 765w, https:\/\/telecomconstructhd.ro\/ro\/wp-content\/uploads\/2023\/04\/WhatsApp-Image-2023-04-03-at-10.39.48-1-224x300.jpeg 224w, https:\/\/telecomconstructhd.ro\/ro\/wp-content\/uploads\/2023\/04\/WhatsApp-Image-2023-04-03-at-10.39.48-1-768x1027.jpeg 768w, https:\/\/telecomconstructhd.ro\/ro\/wp-content\/uploads\/2023\/04\/WhatsApp-Image-2023-04-03-at-10.39.48-1-1148x1536.jpeg 1148w, https:\/\/telecomconstructhd.ro\/ro\/wp-content\/uploads\/2023\/04\/WhatsApp-Image-2023-04-03-at-10.39.48-1-109x146.jpeg 109w, https:\/\/telecomconstructhd.ro\/ro\/wp-content\/uploads\/2023\/04\/WhatsApp-Image-2023-04-03-at-10.39.48-1-37x50.jpeg 37w, https:\/\/telecomconstructhd.ro\/ro\/wp-content\/uploads\/2023\/04\/WhatsApp-Image-2023-04-03-at-10.39.48-1-56x75.jpeg 56w, https:\/\/telecomconstructhd.ro\/ro\/wp-content\/uploads\/2023\/04\/WhatsApp-Image-2023-04-03-at-10.39.48-1.jpeg 1196w\" sizes=\"auto, (max-width: 765px) 100vw, 765px\" \/><\/a><\/figure>\n\n\n\n<figure class=\"wp-block-image size-large\"><a href=\"https:\/\/telecomconstructhd.ro\/ro\/wp-content\/uploads\/2023\/04\/WhatsApp-Image-2023-04-03-at-10.39.48.jpeg\"><img loading=\"lazy\" decoding=\"async\" width=\"766\" height=\"1024\" data-id=\"2106\" src=\"https:\/\/telecomconstructhd.ro\/ro\/wp-content\/uploads\/2023\/04\/WhatsApp-Image-2023-04-03-at-10.39.48-766x1024.jpeg\" alt=\"\" class=\"wp-image-2106\" srcset=\"https:\/\/telecomconstructhd.ro\/ro\/wp-content\/uploads\/2023\/04\/WhatsApp-Image-2023-04-03-at-10.39.48-766x1024.jpeg 766w, https:\/\/telecomconstructhd.ro\/ro\/wp-content\/uploads\/2023\/04\/WhatsApp-Image-2023-04-03-at-10.39.48-224x300.jpeg 224w, https:\/\/telecomconstructhd.ro\/ro\/wp-content\/uploads\/2023\/04\/WhatsApp-Image-2023-04-03-at-10.39.48-768x1027.jpeg 768w, https:\/\/telecomconstructhd.ro\/ro\/wp-content\/uploads\/2023\/04\/WhatsApp-Image-2023-04-03-at-10.39.48-1149x1536.jpeg 1149w, https:\/\/telecomconstructhd.ro\/ro\/wp-content\/uploads\/2023\/04\/WhatsApp-Image-2023-04-03-at-10.39.48-109x146.jpeg 109w, https:\/\/telecomconstructhd.ro\/ro\/wp-content\/uploads\/2023\/04\/WhatsApp-Image-2023-04-03-at-10.39.48-37x50.jpeg 37w, https:\/\/telecomconstructhd.ro\/ro\/wp-content\/uploads\/2023\/04\/WhatsApp-Image-2023-04-03-at-10.39.48-56x75.jpeg 56w, https:\/\/telecomconstructhd.ro\/ro\/wp-content\/uploads\/2023\/04\/WhatsApp-Image-2023-04-03-at-10.39.48.jpeg 1496w\" sizes=\"auto, (max-width: 766px) 100vw, 766px\" \/><\/a><\/figure>\n\n\n\n<figure class=\"wp-block-image size-large\"><a href=\"https:\/\/telecomconstructhd.ro\/ro\/wp-content\/uploads\/2023\/04\/WhatsApp-Image-2023-04-03-at-10.39.47.jpeg\"><img loading=\"lazy\" decoding=\"async\" width=\"765\" height=\"1024\" data-id=\"2105\" src=\"https:\/\/telecomconstructhd.ro\/ro\/wp-content\/uploads\/2023\/04\/WhatsApp-Image-2023-04-03-at-10.39.47-765x1024.jpeg\" alt=\"\" class=\"wp-image-2105\" srcset=\"https:\/\/telecomconstructhd.ro\/ro\/wp-content\/uploads\/2023\/04\/WhatsApp-Image-2023-04-03-at-10.39.47-765x1024.jpeg 765w, https:\/\/telecomconstructhd.ro\/ro\/wp-content\/uploads\/2023\/04\/WhatsApp-Image-2023-04-03-at-10.39.47-224x300.jpeg 224w, https:\/\/telecomconstructhd.ro\/ro\/wp-content\/uploads\/2023\/04\/WhatsApp-Image-2023-04-03-at-10.39.47-768x1027.jpeg 768w, https:\/\/telecomconstructhd.ro\/ro\/wp-content\/uploads\/2023\/04\/WhatsApp-Image-2023-04-03-at-10.39.47-1148x1536.jpeg 1148w, https:\/\/telecomconstructhd.ro\/ro\/wp-content\/uploads\/2023\/04\/WhatsApp-Image-2023-04-03-at-10.39.47-109x146.jpeg 109w, https:\/\/telecomconstructhd.ro\/ro\/wp-content\/uploads\/2023\/04\/WhatsApp-Image-2023-04-03-at-10.39.47-37x50.jpeg 37w, https:\/\/telecomconstructhd.ro\/ro\/wp-content\/uploads\/2023\/04\/WhatsApp-Image-2023-04-03-at-10.39.47-56x75.jpeg 56w, https:\/\/telecomconstructhd.ro\/ro\/wp-content\/uploads\/2023\/04\/WhatsApp-Image-2023-04-03-at-10.39.47.jpeg 1196w\" sizes=\"auto, (max-width: 765px) 100vw, 765px\" \/><\/a><\/figure>\n\n\n\n<figure class=\"wp-block-image size-large\"><a href=\"https:\/\/telecomconstructhd.ro\/ro\/wp-content\/uploads\/2023\/04\/WhatsApp-Image-2023-04-03-at-10.39.07-2.jpeg\"><img loading=\"lazy\" decoding=\"async\" width=\"768\" height=\"1024\" data-id=\"2108\" src=\"https:\/\/telecomconstructhd.ro\/ro\/wp-content\/uploads\/2023\/04\/WhatsApp-Image-2023-04-03-at-10.39.07-2-768x1024.jpeg\" alt=\"\" class=\"wp-image-2108\" srcset=\"https:\/\/telecomconstructhd.ro\/ro\/wp-content\/uploads\/2023\/04\/WhatsApp-Image-2023-04-03-at-10.39.07-2-768x1024.jpeg 768w, https:\/\/telecomconstructhd.ro\/ro\/wp-content\/uploads\/2023\/04\/WhatsApp-Image-2023-04-03-at-10.39.07-2-225x300.jpeg 225w, https:\/\/telecomconstructhd.ro\/ro\/wp-content\/uploads\/2023\/04\/WhatsApp-Image-2023-04-03-at-10.39.07-2-1152x1536.jpeg 1152w, https:\/\/telecomconstructhd.ro\/ro\/wp-content\/uploads\/2023\/04\/WhatsApp-Image-2023-04-03-at-10.39.07-2-110x146.jpeg 110w, https:\/\/telecomconstructhd.ro\/ro\/wp-content\/uploads\/2023\/04\/WhatsApp-Image-2023-04-03-at-10.39.07-2-38x50.jpeg 38w, https:\/\/telecomconstructhd.ro\/ro\/wp-content\/uploads\/2023\/04\/WhatsApp-Image-2023-04-03-at-10.39.07-2-56x75.jpeg 56w, https:\/\/telecomconstructhd.ro\/ro\/wp-content\/uploads\/2023\/04\/WhatsApp-Image-2023-04-03-at-10.39.07-2.jpeg 1512w\" sizes=\"auto, (max-width: 768px) 100vw, 768px\" \/><\/a><\/figure>\n\n\n\n<figure class=\"wp-block-image size-large\"><a href=\"https:\/\/telecomconstructhd.ro\/ro\/wp-content\/uploads\/2023\/04\/WhatsApp-Image-2023-04-03-at-10.39.07-1.jpeg\"><img loading=\"lazy\" decoding=\"async\" width=\"1024\" height=\"768\" data-id=\"2107\" src=\"https:\/\/telecomconstructhd.ro\/ro\/wp-content\/uploads\/2023\/04\/WhatsApp-Image-2023-04-03-at-10.39.07-1-1024x768.jpeg\" alt=\"\" class=\"wp-image-2107\" srcset=\"https:\/\/telecomconstructhd.ro\/ro\/wp-content\/uploads\/2023\/04\/WhatsApp-Image-2023-04-03-at-10.39.07-1-1024x768.jpeg 1024w, https:\/\/telecomconstructhd.ro\/ro\/wp-content\/uploads\/2023\/04\/WhatsApp-Image-2023-04-03-at-10.39.07-1-300x225.jpeg 300w, https:\/\/telecomconstructhd.ro\/ro\/wp-content\/uploads\/2023\/04\/WhatsApp-Image-2023-04-03-at-10.39.07-1-768x576.jpeg 768w, https:\/\/telecomconstructhd.ro\/ro\/wp-content\/uploads\/2023\/04\/WhatsApp-Image-2023-04-03-at-10.39.07-1-1536x1152.jpeg 1536w, https:\/\/telecomconstructhd.ro\/ro\/wp-content\/uploads\/2023\/04\/WhatsApp-Image-2023-04-03-at-10.39.07-1-195x146.jpeg 195w, https:\/\/telecomconstructhd.ro\/ro\/wp-content\/uploads\/2023\/04\/WhatsApp-Image-2023-04-03-at-10.39.07-1-50x38.jpeg 50w, https:\/\/telecomconstructhd.ro\/ro\/wp-content\/uploads\/2023\/04\/WhatsApp-Image-2023-04-03-at-10.39.07-1-100x75.jpeg 100w, https:\/\/telecomconstructhd.ro\/ro\/wp-content\/uploads\/2023\/04\/WhatsApp-Image-2023-04-03-at-10.39.07-1-960x720.jpeg 960w, https:\/\/telecomconstructhd.ro\/ro\/wp-content\/uploads\/2023\/04\/WhatsApp-Image-2023-04-03-at-10.39.07-1.jpeg 2016w\" sizes=\"auto, (max-width: 1024px) 100vw, 1024px\" \/><\/a><\/figure>\n\n\n\n<figure class=\"wp-block-image size-large\"><a href=\"https:\/\/telecomconstructhd.ro\/ro\/wp-content\/uploads\/2023\/04\/WhatsApp-Image-2023-04-03-at-10.39.07.jpeg\"><img loading=\"lazy\" decoding=\"async\" width=\"768\" height=\"1024\" data-id=\"2109\" src=\"https:\/\/telecomconstructhd.ro\/ro\/wp-content\/uploads\/2023\/04\/WhatsApp-Image-2023-04-03-at-10.39.07-768x1024.jpeg\" alt=\"\" class=\"wp-image-2109\" srcset=\"https:\/\/telecomconstructhd.ro\/ro\/wp-content\/uploads\/2023\/04\/WhatsApp-Image-2023-04-03-at-10.39.07-768x1024.jpeg 768w, https:\/\/telecomconstructhd.ro\/ro\/wp-content\/uploads\/2023\/04\/WhatsApp-Image-2023-04-03-at-10.39.07-225x300.jpeg 225w, https:\/\/telecomconstructhd.ro\/ro\/wp-content\/uploads\/2023\/04\/WhatsApp-Image-2023-04-03-at-10.39.07-1152x1536.jpeg 1152w, https:\/\/telecomconstructhd.ro\/ro\/wp-content\/uploads\/2023\/04\/WhatsApp-Image-2023-04-03-at-10.39.07-110x146.jpeg 110w, https:\/\/telecomconstructhd.ro\/ro\/wp-content\/uploads\/2023\/04\/WhatsApp-Image-2023-04-03-at-10.39.07-38x50.jpeg 38w, https:\/\/telecomconstructhd.ro\/ro\/wp-content\/uploads\/2023\/04\/WhatsApp-Image-2023-04-03-at-10.39.07-56x75.jpeg 56w, https:\/\/telecomconstructhd.ro\/ro\/wp-content\/uploads\/2023\/04\/WhatsApp-Image-2023-04-03-at-10.39.07.jpeg 1512w\" sizes=\"auto, (max-width: 768px) 100vw, 768px\" \/><\/a><\/figure>\n<\/figure>\n<div class='avc_visit_counter_front_simple' style=\" width: 100%; max-width: 300px; border: 2px solid #000000; color:#000000; background-color:#ffffff; border-radius: 0px; margin: 0px auto; padding: 5px\">  Vizitatori: 1  Vizitatori: 363235<\/div><div class=\"gsp_post_data\" \r\n\t            data-post_type=\"page\" \r\n\t            data-cat=\"\" \r\n\t            data-modified=\"120\"\r\n\t            data-created=\"1680597336\"\r\n\t            data-title=\"Sudor &#8211; Dual\" \r\n\t            data-home=\"https:\/\/telecomconstructhd.ro\/ro\"><\/div>","protected":false},"excerpt":{"rendered":"<p>Profil\u00a0 sudor Meseria de sudor este una dintre cele mai complexe meserii existente pe pia\u021ba muncii. Centrele univesitare politehnice au facult\u0103\u021bi de tehnologia sudurii, foarte c\u0103utate<span class=\"excerpt-hellip\"> [\u2026]<\/span><\/p>\n","protected":false},"author":1,"featured_media":0,"parent":2013,"menu_order":0,"comment_status":"closed","ping_status":"closed","template":"","meta":{"footnotes":""},"class_list":["post-2045","page","type-page","status-publish","hentry"],"_links":{"self":[{"href":"https:\/\/telecomconstructhd.ro\/ro\/index.php?rest_route=\/wp\/v2\/pages\/2045","targetHints":{"allow":["GET"]}}],"collection":[{"href":"https:\/\/telecomconstructhd.ro\/ro\/index.php?rest_route=\/wp\/v2\/pages"}],"about":[{"href":"https:\/\/telecomconstructhd.ro\/ro\/index.php?rest_route=\/wp\/v2\/types\/page"}],"author":[{"embeddable":true,"href":"https:\/\/telecomconstructhd.ro\/ro\/index.php?rest_route=\/wp\/v2\/users\/1"}],"replies":[{"embeddable":true,"href":"https:\/\/telecomconstructhd.ro\/ro\/index.php?rest_route=%2Fwp%2Fv2%2Fcomments&post=2045"}],"version-history":[{"count":5,"href":"https:\/\/telecomconstructhd.ro\/ro\/index.php?rest_route=\/wp\/v2\/pages\/2045\/revisions"}],"predecessor-version":[{"id":2160,"href":"https:\/\/telecomconstructhd.ro\/ro\/index.php?rest_route=\/wp\/v2\/pages\/2045\/revisions\/2160"}],"up":[{"embeddable":true,"href":"https:\/\/telecomconstructhd.ro\/ro\/index.php?rest_route=\/wp\/v2\/pages\/2013"}],"wp:attachment":[{"href":"https:\/\/telecomconstructhd.ro\/ro\/index.php?rest_route=%2Fwp%2Fv2%2Fmedia&parent=2045"}],"curies":[{"name":"wp","href":"https:\/\/api.w.org\/{rel}","templated":true}]}}